{"id":5602,"date":"2019-05-07T15:23:43","date_gmt":"2019-05-07T13:23:43","guid":{"rendered":"https:\/\/www.canjulia.org\/contacto\/"},"modified":"2024-03-28T09:33:16","modified_gmt":"2024-03-28T08:33:16","slug":"contacte","status":"publish","type":"page","link":"https:\/\/www.canjulia.org\/ca\/contacte\/","title":{"rendered":"Contacte"},"content":{"rendered":"\t\t<div data-elementor-type=\"wp-post\" data-elementor-id=\"5602\" class=\"elementor elementor-5602 elementor-2552\">\n\t\t\t\t\t\t<section class=\"jarallax lazyload elementor-section elementor-top-section elementor-element elementor-element-0fbab91 elementor-section-boxed elementor-section-height-default elementor-section-height-default\" data-jarallax=\"\" data-speed=\"0.75\" data-type=\"scroll\" data-parallax=\"scroll\" style=\"background-image:url(&quot;https:\/\/www.canjulia.org\/wp-content\/uploads\/2024\/03\/contacto-can-julia.jpg&quot;);\" data-image-src=\"https:\/\/www.canjulia.org\/wp-content\/uploads\/2024\/03\/contacto-can-julia.jpg\" data-id=\"0fbab91\" data-element_type=\"section\" data-settings=\"{&quot;background_background&quot;:&quot;classic&quot;}\">\n\t\t\t\t\t\t\t<div class=\"elementor-background-overlay\"><\/div>\n\t\t\t\t\t\t\t<div class=\"elementor-container elementor-column-gap-default\">\n\t\t\t\t\t<div class=\"elementor-column elementor-col-100 elementor-top-column elementor-element elementor-element-8de6e56 elementor-invisible\" data-id=\"8de6e56\" data-element_type=\"column\" data-settings=\"{&quot;animation&quot;:&quot;fadeIn&quot;}\">\n\t\t\t<div class=\"elementor-widget-wrap elementor-element-populated\">\n\t\t\t\t\t\t<div class=\"elementor-element elementor-element-12b8019 section-align-left section-size-large subtitle-style-none section-mobile-align-center cj-header-titles elementor-widget elementor-widget-section-heading\" data-id=\"12b8019\" data-element_type=\"widget\" data-widget_type=\"section-heading.default\">\n\t\t\t\t<div class=\"elementor-widget-container\">\n\t\t\t\t\t<div class=\"section-heading headingstyle-subtitle\"><h5 class=\"entry-sub-title section-sub-title\">Estem encantats d'escoltar-te!<\/h5><div class=\"section-title-wrapper\"><h2 class=\"entry-title section-title\">Contacta amb nosaltres<\/h2><\/div><div class=\"section-description clearfix\"><div class=\"section-description-inner\"><p><strong>Masia Can Juli\u00e0<\/strong><br \/>Cam\u00ed de Can Juli\u00e0 \u00b7 Ctra. de Sant Esteve, Km 1<br \/>08635 Sant Esteve Sesrovires (Barcelona)<br \/>M (+34) 667 783 691 \u00b7 T (+34) 93 771 43 67<br \/>canjulia@canjulia.org<\/p>\n<\/div><\/div><\/div>\t\t\t\t<\/div>\n\t\t\t\t<\/div>\n\t\t\t\t\t<\/div>\n\t\t<\/div>\n\t\t\t\t\t<\/div>\n\t\t<\/section>\n\t\t\t\t<section class=\"elementor-section elementor-top-section elementor-element elementor-element-6b824b6 elementor-section-boxed elementor-section-height-default elementor-section-height-default\" data-id=\"6b824b6\" data-element_type=\"section\">\n\t\t\t\t\t\t<div class=\"elementor-container elementor-column-gap-wider\">\n\t\t\t\t\t<div class=\"elementor-column elementor-col-100 elementor-top-column elementor-element elementor-element-3511459 elementor-invisible\" data-id=\"3511459\" data-element_type=\"column\" data-settings=\"{&quot;animation&quot;:&quot;fadeInUp&quot;}\">\n\t\t\t<div class=\"elementor-widget-wrap elementor-element-populated\">\n\t\t\t\t\t\t<div class=\"elementor-element elementor-element-873f3b2 input-border-style-bottom input-icons-default elementor-widget elementor-widget-contactform\" data-id=\"873f3b2\" data-element_type=\"widget\" data-widget_type=\"contactform.default\">\n\t\t\t\t<div class=\"elementor-widget-container\">\n\t\t\t\t\t\t\t<div class=\"mtheme-contact-form-container\">\n\t\t\t\n<div class=\"wpcf7 no-js\" id=\"wpcf7-f5608-o1\" lang=\"ca\" dir=\"ltr\" data-wpcf7-id=\"5608\">\n<div class=\"screen-reader-response\"><p role=\"status\" aria-live=\"polite\" aria-atomic=\"true\"><\/p> <ul><\/ul><\/div>\n<form action=\"\/ca\/wp-json\/wp\/v2\/pages\/5602#wpcf7-f5608-o1\" method=\"post\" class=\"wpcf7-form init\" aria-label=\"Formulari de contacte\" novalidate=\"novalidate\" data-status=\"init\">\n<fieldset class=\"hidden-fields-container\"><input type=\"hidden\" name=\"_wpcf7\" value=\"5608\" \/><input type=\"hidden\" name=\"_wpcf7_version\" value=\"6.1.4\" \/><input type=\"hidden\" name=\"_wpcf7_locale\" value=\"ca\" \/><input type=\"hidden\" name=\"_wpcf7_unit_tag\" value=\"wpcf7-f5608-o1\" \/><input type=\"hidden\" name=\"_wpcf7_container_post\" value=\"0\" \/><input type=\"hidden\" name=\"_wpcf7_posted_data_hash\" value=\"\" \/>\n<\/fieldset>\n<div class=\"wpcf7-turnstile cf-turnstile\" data-sitekey=\"0x4AAAAAABrmu_r0Zv0xIw5g\" data-response-field-name=\"_wpcf7_turnstile_response\"><\/div>\n\n<div class=\"two-fields clearfix\">\n\t<div class=\"mtheme-form-field\">\n\t\t<p><i class=\"ion-ios-contact-outline\"><\/i><span class=\"wpcf7-form-control-wrap\" data-name=\"first-name\"><input size=\"40\" maxlength=\"400\" class=\"wpcf7-form-control wpcf7-text wpcf7-validates-as-required\" aria-required=\"true\" aria-invalid=\"false\" placeholder=\"Nom (requerit)\" value=\"\" type=\"text\" name=\"first-name\" \/><\/span>\n\t\t<\/p>\n\t<\/div>\n\t<div class=\"mtheme-form-field\">\n\t\t<p><i class=\"ion-ios-contact-outline\"><\/i><span class=\"wpcf7-form-control-wrap\" data-name=\"last-name\"><input size=\"40\" maxlength=\"400\" class=\"wpcf7-form-control wpcf7-text\" aria-invalid=\"false\" placeholder=\"Cognoms\" value=\"\" type=\"text\" name=\"last-name\" \/><\/span>\n\t\t<\/p>\n\t<\/div>\n<\/div>\n<div class=\"two-fields clearfix\">\n\t<div class=\"mtheme-form-field\">\n\t\t<p><i class=\"ion-ios-email\"><\/i><span class=\"wpcf7-form-control-wrap\" data-name=\"your-email\"><input size=\"40\" maxlength=\"400\" class=\"wpcf7-form-control wpcf7-email wpcf7-validates-as-required wpcf7-text wpcf7-validates-as-email\" aria-required=\"true\" aria-invalid=\"false\" placeholder=\"Correu electr\u00f2nic (requerit)\" value=\"\" type=\"email\" name=\"your-email\" \/><\/span>\n\t\t<\/p>\n\t<\/div>\n\t<div class=\"mtheme-form-field\">\n\t\t<p><i class=\"ion-ios-telephone\"><\/i><span class=\"wpcf7-form-control-wrap\" data-name=\"your-phone\"><input size=\"40\" maxlength=\"400\" class=\"wpcf7-form-control wpcf7-text\" aria-invalid=\"false\" placeholder=\"Tel\u00e8fon de contacte\" value=\"\" type=\"text\" name=\"your-phone\" \/><\/span>\n\t\t<\/p>\n\t<\/div>\n<\/div>\n<div class=\"single-field\">\n\t<div class=\"mtheme-form-field\">\n\t\t<p><i class=\"ion-ios-compose\"><\/i><span class=\"wpcf7-form-control-wrap\" data-name=\"your-message\"><textarea cols=\"40\" rows=\"10\" maxlength=\"2000\" class=\"wpcf7-form-control wpcf7-textarea wpcf7-validates-as-required\" aria-required=\"true\" aria-invalid=\"false\" placeholder=\"Consulta...\" name=\"your-message\"><\/textarea><\/span>\n\t\t<\/p>\n\t<\/div>\n<\/div>\n<div class=\"single-field\">\n\t<div class=\"mtheme-form-field acceptance-canjulia\">\n\t\t<p><span class=\"wpcf7-form-control-wrap\" data-name=\"acceptance-632\"><span class=\"wpcf7-form-control wpcf7-acceptance\"><span class=\"wpcf7-list-item\"><label><input type=\"checkbox\" name=\"acceptance-632\" value=\"1\" class=\"acceptance-canjulia\" aria-invalid=\"false\" \/><span class=\"wpcf7-list-item-label\">He llegit i accepto l'<a href=\"https:\/\/intranet.laboralrgpd.com\/aviso-legal\/index.php?sid=WElTZXU1US9yQ3Q5dmdIbm5Ec2R6dz09\" target=\"_blank\" rel=\"noopener\">av\u00eds legal<\/a> i la <a href=\"https:\/\/intranet.laboralrgpd.com\/politicaPrivacidad\/index.php?sid=WElTZXU1US9yQ3Q5dmdIbm5Ec2R6dz09\" target=\"_blank\" rel=\"noopener\">pol\u00edtica de privacitat<\/a>.<\/span><\/label><\/span><\/span><\/span>\n\t\t<\/p>\n\t<\/div>\n<\/div>\n<p><input class=\"wpcf7-form-control wpcf7-submit has-spinner\" type=\"submit\" value=\"Enviar consulta\" \/>\n<\/p><div class=\"wpcf7-response-output\" aria-hidden=\"true\"><\/div>\n<\/form>\n<\/div>\n\t\t<\/div>\n\t\t\t\t\t\t<\/div>\n\t\t\t\t<\/div>\n\t\t\t\t\t<\/div>\n\t\t<\/div>\n\t\t\t\t\t<\/div>\n\t\t<\/section>\n\t\t\t\t<section class=\"elementor-section elementor-top-section elementor-element elementor-element-528f637 elementor-section-boxed elementor-section-height-default elementor-section-height-default\" data-id=\"528f637\" data-element_type=\"section\">\n\t\t\t\t\t\t<div class=\"elementor-container elementor-column-gap-wider\">\n\t\t\t\t\t<div class=\"elementor-column elementor-col-100 elementor-top-column elementor-element elementor-element-327f538 elementor-invisible\" data-id=\"327f538\" data-element_type=\"column\" data-settings=\"{&quot;animation&quot;:&quot;fadeIn&quot;}\">\n\t\t\t<div class=\"elementor-widget-wrap elementor-element-populated\">\n\t\t\t\t\t\t<div class=\"elementor-element elementor-element-cf738f6 elementor-shape-square elementor-grid-0 e-grid-align-center elementor-widget elementor-widget-social-icons\" data-id=\"cf738f6\" data-element_type=\"widget\" data-widget_type=\"social-icons.default\">\n\t\t\t\t<div class=\"elementor-widget-container\">\n\t\t\t\t\t\t\t<div class=\"elementor-social-icons-wrapper elementor-grid\" role=\"list\">\n\t\t\t\t\t\t\t<span class=\"elementor-grid-item\" role=\"listitem\">\n\t\t\t\t\t<a class=\"elementor-icon elementor-social-icon elementor-social-icon-instagram elementor-repeater-item-26f9dab\" href=\"http:\/\/instagram.com\/canjulia\/\" target=\"_blank\" rel=\"noopener\">\n\t\t\t\t\t\t<span class=\"elementor-screen-only\">Instagram<\/span>\n\t\t\t\t\t\t<i aria-hidden=\"true\" class=\"fab fa-instagram\"><\/i>\t\t\t\t\t<\/a>\n\t\t\t\t<\/span>\n\t\t\t\t\t\t\t<span class=\"elementor-grid-item\" role=\"listitem\">\n\t\t\t\t\t<a class=\"elementor-icon elementor-social-icon elementor-social-icon-youtube elementor-repeater-item-31cc3f4\" href=\"http:\/\/www.youtube.com\/user\/masiacanjulia\" target=\"_blank\" rel=\"noopener\">\n\t\t\t\t\t\t<span class=\"elementor-screen-only\">Youtube<\/span>\n\t\t\t\t\t\t<i aria-hidden=\"true\" class=\"fab fa-youtube\"><\/i>\t\t\t\t\t<\/a>\n\t\t\t\t<\/span>\n\t\t\t\t\t\t\t<span class=\"elementor-grid-item\" role=\"listitem\">\n\t\t\t\t\t<a class=\"elementor-icon elementor-social-icon elementor-social-icon-whatsapp elementor-repeater-item-5264516\" href=\"https:\/\/wa.me\/34667783691\" target=\"_blank\" rel=\"noopener\">\n\t\t\t\t\t\t<span class=\"elementor-screen-only\">Whatsapp<\/span>\n\t\t\t\t\t\t<i aria-hidden=\"true\" class=\"fab fa-whatsapp\"><\/i>\t\t\t\t\t<\/a>\n\t\t\t\t<\/span>\n\t\t\t\t\t<\/div>\n\t\t\t\t\t\t<\/div>\n\t\t\t\t<\/div>\n\t\t\t\t\t<\/div>\n\t\t<\/div>\n\t\t\t\t\t<\/div>\n\t\t<\/section>\n\t\t\t\t<section class=\"elementor-section elementor-top-section elementor-element elementor-element-3bd99db elementor-section-boxed elementor-section-height-default elementor-section-height-default\" data-id=\"3bd99db\" data-element_type=\"section\">\n\t\t\t\t\t\t<div class=\"elementor-container elementor-column-gap-wider\">\n\t\t\t\t\t<div class=\"elementor-column elementor-col-50 elementor-top-column elementor-element elementor-element-4ecd2d0 elementor-invisible\" data-id=\"4ecd2d0\" data-element_type=\"column\" data-settings=\"{&quot;background_background&quot;:&quot;classic&quot;,&quot;animation&quot;:&quot;fadeInLeft&quot;,&quot;animation_mobile&quot;:&quot;fadeIn&quot;}\">\n\t\t\t<div class=\"elementor-widget-wrap elementor-element-populated\">\n\t\t\t\t\t\t<div class=\"elementor-element elementor-element-16a6158 service-box-view-default elementor-widget elementor-widget-service-box\" data-id=\"16a6158\" data-element_type=\"widget\" data-widget_type=\"service-box.default\">\n\t\t\t\t<div class=\"elementor-widget-container\">\n\t\t\t\t\t<div class=\"service-column none service-column-1 service-boxes-icon-with-title true alignicon-top alignicon-top-horizontal serviceboxes-horizontal clearfix\"> <div class=\"service-item none service-item-space\"><div class=\"service-item-inner service-icon-size-small\"><div class=\"service-icon\"><span class=\"icon-outer\"><i class=\"fontawesome in-circle  fa fa-map-signs\"><\/i><\/span><\/div><div class=\"service-content\"><h4><a target=\"_blank\" href=\"https:\/\/www.canjulia.org\/wp-content\/uploads\/2023\/08\/como-llegar-can-julia.pdf\">Com arribar<\/a><\/h4><div class=\"service-details\"><p> Fes clic per descarregar el document amb les dades de contacte i les indicacions sobre com arribar a Can Juli\u00e0. Amb transport p\u00fablic pots arribar a Can Juli\u00e0 mitjan\u00e7ant FF.CC. <\/p>\n<a class=\"theme-btn-link\" href=\"https:\/\/www.canjulia.org\/wp-content\/uploads\/2023\/08\/como-llegar-can-julia.pdf\"><div class=\"theme-btn theme-btn-outline-primary theme-hover-arrow\">Descarregar<\/div><\/a><\/div><\/div><\/div><\/div> <\/div>\t\t\t\t<\/div>\n\t\t\t\t<\/div>\n\t\t\t\t\t<\/div>\n\t\t<\/div>\n\t\t\t\t<div class=\"elementor-column elementor-col-50 elementor-top-column elementor-element elementor-element-50ad951 elementor-invisible\" data-id=\"50ad951\" data-element_type=\"column\" data-settings=\"{&quot;background_background&quot;:&quot;classic&quot;,&quot;animation&quot;:&quot;fadeInRight&quot;,&quot;animation_mobile&quot;:&quot;fadeIn&quot;}\">\n\t\t\t<div class=\"elementor-widget-wrap elementor-element-populated\">\n\t\t\t\t\t\t<div class=\"elementor-element elementor-element-64aeac7 service-box-view-default elementor-widget elementor-widget-service-box\" data-id=\"64aeac7\" data-element_type=\"widget\" data-widget_type=\"service-box.default\">\n\t\t\t\t<div class=\"elementor-widget-container\">\n\t\t\t\t\t<div class=\"service-column none service-column-1 service-boxes-icon-with-title true alignicon-top alignicon-top-horizontal serviceboxes-horizontal clearfix\"> <div class=\"service-item none service-item-space\"><div class=\"service-item-inner service-icon-size-small\"><div class=\"service-icon\"><span class=\"icon-outer\"><i class=\"fontawesome in-circle  fa fa-map-marker\"><\/i><\/span><\/div><div class=\"service-content\"><h4><a target=\"_blank\" href=\"https:\/\/www.canjulia.org\/wp-content\/uploads\/2024\/01\/mapa-can-julia.pdf\">Situaci\u00f3<\/a><\/h4><div class=\"service-details\"><p> Descarrega un mapa amb la nostra situaci\u00f3 marcada a diferents mapes perqu\u00e8 puguis arribar fins a nosaltres m\u00e9s f\u00e0cilment. <\/p>\n<a class=\"theme-btn-link\" href=\"https:\/\/www.canjulia.org\/wp-content\/uploads\/2024\/01\/mapa-can-julia.pdf\"><div class=\"theme-btn theme-btn-outline-primary theme-hover-arrow\">Descarregar<\/div><\/a><\/div><\/div><\/div><\/div> <\/div>\t\t\t\t<\/div>\n\t\t\t\t<\/div>\n\t\t\t\t\t<\/div>\n\t\t<\/div>\n\t\t\t\t\t<\/div>\n\t\t<\/section>\n\t\t\t\t<section class=\"elementor-section elementor-top-section elementor-element elementor-element-9dff53b elementor-section-full_width elementor-section-height-default elementor-section-height-default\" data-id=\"9dff53b\" data-element_type=\"section\">\n\t\t\t\t\t\t<div class=\"elementor-container elementor-column-gap-no\">\n\t\t\t\t\t<div class=\"elementor-column elementor-col-100 elementor-top-column elementor-element elementor-element-f99fc85\" data-id=\"f99fc85\" data-element_type=\"column\">\n\t\t\t<div class=\"elementor-widget-wrap elementor-element-populated\">\n\t\t\t\t\t\t<div class=\"elementor-element elementor-element-9189a7a elementor-widget elementor-widget-google-map\" data-id=\"9189a7a\" data-element_type=\"widget\" data-widget_type=\"google-map.default\">\n\t\t\t\t<div class=\"elementor-widget-container\">\n\t\t\t\t\t\t\t<div id=\"mtheme-map -9189a7a\" class=\"mtheme-map\" \n\t\tdata-mtheme-map-style=\"\" \n\t\tdata-mtheme-map-zoom-control=\"true\" data-mtheme-map-zoom-control-position=\"RIGHT_BOTTOM\" \n\t\tdata-mtheme-map-defaultui=\"true\" \n\t\tdata-mtheme-map-type=\"roadmap\" \n\t\tdata-mtheme-map-type-control=\"false\" \n\t\tdata-mtheme-map-streetview-control=\"true\"\n\t\tdata-mtheme-map-lat=\"41.486610773929705\" \n\t\tdata-mtheme-map-lng=\"1.8706381545335768\" \n\t\tdata-mtheme-map-zoom=\"11\" \n\t\tdata-mtheme-map-infowindow-width=\"\">\n\t\t<\/div>\n\t\t\t\t\t<\/div>\n\t\t\t\t<\/div>\n\t\t\t\t\t<\/div>\n\t\t<\/div>\n\t\t\t\t\t<\/div>\n\t\t<\/section>\n\t\t\t\t<\/div>\n\t\t","protected":false},"excerpt":{"rendered":"<p>Estem encantats d&#8217;escoltar-te! Contacta amb nosaltres Masia Can Juli\u00e0Cam\u00ed de Can Juli\u00e0 \u00b7 Ctra. de Sant Esteve, Km 108635 Sant Esteve Sesrovires (Barcelona)M (+34) 667 783 691 \u00b7 T (+34) 93 771 43 67canjulia@canjulia.org He le\u00eddo y acepto el aviso legal y la pol\u00edtica de privacidad. Instagram Youtube Whatsapp Com arribar Fes clic per descarregar el document amb les dades de contacte i les indicacions sobre com arribar a Can Juli\u00e0. Amb transport p\u00fablic pots arribar a Can Juli\u00e0 mitjan\u00e7ant [&hellip;]<\/p>\n","protected":false},"author":1,"featured_media":0,"parent":0,"menu_order":0,"comment_status":"closed","ping_status":"closed","template":"","meta":{"footnotes":""},"class_list":["post-5602","page","type-page","status-publish","hentry"],"acf":[],"_links":{"self":[{"href":"https:\/\/www.canjulia.org\/ca\/wp-json\/wp\/v2\/pages\/5602","targetHints":{"allow":["GET"]}}],"collection":[{"href":"https:\/\/www.canjulia.org\/ca\/wp-json\/wp\/v2\/pages"}],"about":[{"href":"https:\/\/www.canjulia.org\/ca\/wp-json\/wp\/v2\/types\/page"}],"author":[{"embeddable":true,"href":"https:\/\/www.canjulia.org\/ca\/wp-json\/wp\/v2\/users\/1"}],"replies":[{"embeddable":true,"href":"https:\/\/www.canjulia.org\/ca\/wp-json\/wp\/v2\/comments?post=5602"}],"version-history":[{"count":4,"href":"https:\/\/www.canjulia.org\/ca\/wp-json\/wp\/v2\/pages\/5602\/revisions"}],"predecessor-version":[{"id":5607,"href":"https:\/\/www.canjulia.org\/ca\/wp-json\/wp\/v2\/pages\/5602\/revisions\/5607"}],"wp:attachment":[{"href":"https:\/\/www.canjulia.org\/ca\/wp-json\/wp\/v2\/media?parent=5602"}],"curies":[{"name":"wp","href":"https:\/\/api.w.org\/{rel}","templated":true}]}}